{"id":15013,"date":"2014-05-26T12:30:07","date_gmt":"2014-05-26T09:30:07","guid":{"rendered":"http:\/\/demo.qodeinteractive.com\/bridge8\/?page_id=15013"},"modified":"2020-05-04T13:49:55","modified_gmt":"2020-05-04T10:49:55","slug":"markalar","status":"publish","type":"page","link":"https:\/\/ofisdepot.com\/tr\/markalar\/","title":{"rendered":"Markalar"},"content":{"rendered":"<p>[vc_row css_animation=&#8221;&#8221; row_type=&#8221;row&#8221; use_row_as_full_screen_section=&#8221;no&#8221; type=&#8221;full_width&#8221; angled_section=&#8221;no&#8221; text_align=&#8221;left&#8221; background_image_as_pattern=&#8221;without_pattern&#8221;][vc_column][vc_column_text][\/vc_column_text][\/vc_column][\/vc_row][vc_row css_animation=&#8221;&#8221; row_type=&#8221;row&#8221; use_row_as_full_screen_section=&#8221;no&#8221; type=&#8221;grid&#8221; angled_section=&#8221;no&#8221; text_align=&#8221;left&#8221; background_image_as_pattern=&#8221;without_pattern&#8221; padding_top=&#8221;80&#8243; padding_bottom=&#8221;80&#8243; background_color=&#8221;#ffffff&#8221;][vc_column width=&#8221;1\/2&#8243;][vc_empty_space height=&#8221;30px&#8221;][vc_separator type=&#8221;transparent&#8221; up=&#8221;41&#8243; down=&#8221;0&#8243;][vc_column_text]<\/p>\n<h5 style=\"text-align: center;\">Tak\u0131 Sat\u0131\u015f<\/h5>\n<p>[\/vc_column_text][vc_separator type=&#8221;transparent&#8221; up=&#8221;15&#8243; down=&#8221;0&#8243;][vc_column_text]<\/p>\n<p style=\"text-align: center;\">www.takisatis.com\u00a0 Online , Mobil teknoloji ile her zaman, her yerde\u00a0 alt\u0131n, p\u0131rlanta, g\u00fcm\u00fc\u015f, m\u00fccevher ve aksesuarlara\u00a0 ula\u015fabilece\u011finiz\u00a0 T\u00fcrkiye&#8217;in yeni nesil en kapsaml\u0131 ,g\u00fcvenli\u00a0 tak\u0131 al\u0131\u015fveri\u015f platformudur. Kaliteli i\u015f\u00e7ilikle , son teknoloji ve\u00a0 trendler takip edilerek \u00f6zenle \u00fcretilmi\u015f markal\u0131 \u00fcr\u00fcn koleksiyonlar\u0131yla fark yaratmaktad\u0131r.<\/p>\n<p>[\/vc_column_text][vc_separator type=&#8221;transparent&#8221; up=&#8221;15&#8243; down=&#8221;0&#8243;][vc_row_inner row_type=&#8221;row&#8221; type=&#8221;full_width&#8221; text_align=&#8221;center&#8221; css_animation=&#8221;&#8221;][vc_column_inner]\n\n\t<a href=\"http:\/\/takisatis.com\/\" target=\"_blank\" style=\"font-weight: 300\" class=\"qode-btn qode-btn-medium qode-btn-solid qode-btn-icon qode-btn-shadow-hover\"  >\n\t    <span class=\"qode-btn-text\">Link<\/span><span class=\"qode-button-v2-icon-holder\"><i class=\"qode_icon_font_awesome fa fa-external-link qode-button-v2-icon-holder-inner\" ><\/i><\/span>\t<\/a>\n\n[\/vc_column_inner][\/vc_row_inner][vc_separator type=&#8221;transparent&#8221; up=&#8221;28&#8243; down=&#8221;0&#8243;][\/vc_column][vc_column width=&#8221;1\/2&#8243;][vc_single_image image=&#8221;15542&#8243; img_size=&#8221;full&#8221; alignment=&#8221;center&#8221; qode_css_animation=&#8221;element_from_fade&#8221; transition_delay=&#8221;0.6&#8243;][\/vc_column][\/vc_row][vc_row css_animation=&#8221;&#8221; row_type=&#8221;row&#8221; use_row_as_full_screen_section=&#8221;no&#8221; type=&#8221;grid&#8221; angled_section=&#8221;no&#8221; text_align=&#8221;left&#8221; background_image_as_pattern=&#8221;without_pattern&#8221; padding_top=&#8221;80&#8243; padding_bottom=&#8221;80&#8243; background_color=&#8221;#f8f8f8&#8243;][vc_column width=&#8221;1\/2&#8243;][vc_single_image image=&#8221;15511&#8243; img_size=&#8221;full&#8221; alignment=&#8221;center&#8221; qode_css_animation=&#8221;element_from_fade&#8221; transition_delay=&#8221;0.3&#8243;][\/vc_column][vc_column width=&#8221;1\/2&#8243;][vc_empty_space height=&#8221;50px&#8221;][vc_separator type=&#8221;transparent&#8221; up=&#8221;41&#8243; down=&#8221;0&#8243;][vc_column_text]<\/p>\n<h5 style=\"text-align: center;\">Lunica Jewellery<\/h5>\n<p>[\/vc_column_text][vc_separator type=&#8221;transparent&#8221; up=&#8221;15&#8243; down=&#8221;0&#8243;][vc_column_text]<\/p>\n<p style=\"text-align: center;\">Lunica Jewellery, Kaliteden \u00f6d\u00fcn vermeden her t\u00fcrl\u00fc alt\u0131n\u00a0tak\u0131 koleksiyonlar\u0131n\u0131 m\u00fc\u015fterilerinin be\u011fenisine sunmaktad\u0131r. Evlilik temas\u0131 i\u00e7inde olu\u015fturdu\u011fu\u00a0 d\u00fc\u011f\u00fcn setleri, tek ta\u015f be\u015f ta\u015f, tam tur ve alyans koleksiyonlar\u0131 ile T\u00fcm Avrupa&#8217;da tercih edilmektedir.<\/p>\n<p>[\/vc_column_text][vc_separator type=&#8221;transparent&#8221; up=&#8221;15&#8243; down=&#8221;0&#8243;][vc_row_inner row_type=&#8221;row&#8221; type=&#8221;full_width&#8221; text_align=&#8221;center&#8221; css_animation=&#8221;&#8221;][vc_column_inner]\n\n\t<a href=\"http:\/\/lunicajewellery.com\/\" target=\"_blank\" style=\"font-weight: 300\" class=\"qode-btn qode-btn-medium qode-btn-solid qode-btn-icon qode-btn-shadow-hover\"  >\n\t    <span class=\"qode-btn-text\">Link<\/span><span class=\"qode-button-v2-icon-holder\"><i class=\"qode_icon_font_awesome fa fa-external-link qode-button-v2-icon-holder-inner\" ><\/i><\/span>\t<\/a>\n\n[\/vc_column_inner][\/vc_row_inner][\/vc_column][\/vc_row][vc_row css_animation=&#8221;&#8221; row_type=&#8221;row&#8221; use_row_as_full_screen_section=&#8221;no&#8221; type=&#8221;grid&#8221; angled_section=&#8221;no&#8221; text_align=&#8221;left&#8221; background_image_as_pattern=&#8221;without_pattern&#8221; padding_top=&#8221;80&#8243; padding_bottom=&#8221;80&#8243; background_color=&#8221;#ffffff&#8221;][vc_column width=&#8221;1\/2&#8243;][vc_empty_space height=&#8221;50px&#8221;][vc_separator type=&#8221;transparent&#8221; up=&#8221;41&#8243; down=&#8221;0&#8243;][vc_column_text]<\/p>\n<h5 style=\"text-align: center;\">Luni-Gold<\/h5>\n<p>[\/vc_column_text][vc_separator type=&#8221;transparent&#8221; up=&#8221;15&#8243; down=&#8221;0&#8243;][vc_column_text]<\/p>\n<p style=\"text-align: center;\">Luni-Gold Cns ve lazer teknolojileri kullan\u0131larak y\u00fcksek kalite ve i\u015f\u00e7ilikli koleksiyonlar\u0131n\u0131 m\u00fc\u015fterilerinin be\u011fenisine sunmaktad\u0131r. Ki\u015fiye \u00f6zel \u00fcretilen ,\u00f6zel kesim plakalara , foto\u011fraf ve yaz\u0131\u00a0 eklenerek \u00f6zelle\u015ftirilmi\u015f kolye, k\u00fcpe, bileklik modelleri ile fark yaratmaktad\u0131r.<\/p>\n<p>[\/vc_column_text][vc_separator type=&#8221;transparent&#8221; up=&#8221;15&#8243; down=&#8221;0&#8243;][vc_row_inner row_type=&#8221;row&#8221; type=&#8221;full_width&#8221; text_align=&#8221;center&#8221; css_animation=&#8221;&#8221;][vc_column_inner]\n\n\t<a href=\"http:\/\/luni-gold.com\/\" target=\"_blank\" style=\"font-weight: 300\" class=\"qode-btn qode-btn-medium qode-btn-solid qode-btn-icon qode-btn-shadow-hover\"  >\n\t    <span class=\"qode-btn-text\">Link<\/span><span class=\"qode-button-v2-icon-holder\"><i class=\"qode_icon_font_awesome fa fa-external-link qode-button-v2-icon-holder-inner\" ><\/i><\/span>\t<\/a>\n\n[\/vc_column_inner][\/vc_row_inner][vc_separator type=&#8221;transparent&#8221; up=&#8221;28&#8243; down=&#8221;0&#8243;][\/vc_column][vc_column width=&#8221;1\/2&#8243;][vc_single_image image=&#8221;15513&#8243; img_size=&#8221;full&#8221; alignment=&#8221;center&#8221; qode_css_animation=&#8221;element_from_fade&#8221; transition_delay=&#8221;0.6&#8243;][\/vc_column][\/vc_row][vc_row css_animation=&#8221;&#8221; row_type=&#8221;row&#8221; use_row_as_full_screen_section=&#8221;no&#8221; type=&#8221;grid&#8221; angled_section=&#8221;no&#8221; text_align=&#8221;left&#8221; background_image_as_pattern=&#8221;without_pattern&#8221; padding_top=&#8221;80&#8243; padding_bottom=&#8221;80&#8243; background_color=&#8221;#f8f8f8&#8243;][vc_column width=&#8221;1\/2&#8243;][vc_single_image image=&#8221;15515&#8243; img_size=&#8221;full&#8221; alignment=&#8221;center&#8221; qode_css_animation=&#8221;element_from_fade&#8221; transition_delay=&#8221;0.3&#8243;][\/vc_column][vc_column width=&#8221;1\/2&#8243;][vc_empty_space height=&#8221;40px&#8221;][vc_separator type=&#8221;transparent&#8221; up=&#8221;41&#8243; down=&#8221;0&#8243;][vc_column_text]<\/p>\n<h5 style=\"text-align: center;\">Dalman Silver<\/h5>\n<p>[\/vc_column_text][vc_separator type=&#8221;transparent&#8221; up=&#8221;15&#8243; down=&#8221;0&#8243;][vc_column_text]<\/p>\n<p style=\"text-align: center;\">Dalman Silver Markam\u0131z, M\u00fccevher kalitesi ve i\u015f\u00e7ili\u011finde , en son moda ve trendler takip edilerek \u00fcretilen g\u00fcm\u00fc\u015f tak\u0131 ve\u00a0 aksesuar koleksiyonlar\u0131 ile\u00a0 ula\u015f\u0131labilir l\u00fcks kategorisinde her ya\u015f gurubu bayanlar taraf\u0131ndan tercih edilmektedir. G\u00fcn\u00fcm\u00fczde bayanlar\u0131n g\u00fcnl\u00fck k\u0131yafet kombilerinde uygun fiyatl\u0131 modern g\u00fcm\u00fc\u015f\u00a0 tak\u0131 ve aksesuar kullan\u0131mlar\u0131 markam\u0131z\u0131n \u00f6n plana \u00e7\u0131kmas\u0131n\u0131 sa\u011flamaktad\u0131r.<\/p>\n<p>[\/vc_column_text][vc_separator type=&#8221;transparent&#8221; up=&#8221;15&#8243; down=&#8221;0&#8243;][vc_row_inner row_type=&#8221;row&#8221; type=&#8221;full_width&#8221; text_align=&#8221;center&#8221; css_animation=&#8221;&#8221;][vc_column_inner]\n\n\t<a href=\"http:\/\/dalmann.com\" target=\"_blank\" style=\"font-weight: 300\" class=\"qode-btn qode-btn-medium qode-btn-solid qode-btn-icon qode-btn-shadow-hover\"  >\n\t    <span class=\"qode-btn-text\">Link<\/span><span class=\"qode-button-v2-icon-holder\"><i class=\"qode_icon_font_awesome fa fa-external-link qode-button-v2-icon-holder-inner\" ><\/i><\/span>\t<\/a>\n\n[\/vc_column_inner][\/vc_row_inner][\/vc_column][\/vc_row][vc_row css_animation=&#8221;&#8221; row_type=&#8221;row&#8221; use_row_as_full_screen_section=&#8221;no&#8221; type=&#8221;grid&#8221; angled_section=&#8221;no&#8221; text_align=&#8221;left&#8221; background_image_as_pattern=&#8221;without_pattern&#8221; padding_top=&#8221;80&#8243; padding_bottom=&#8221;80&#8243; background_color=&#8221;#ffffff&#8221;][vc_column width=&#8221;1\/2&#8243;][vc_empty_space height=&#8221;50px&#8221;][vc_separator type=&#8221;transparent&#8221; up=&#8221;41&#8243; down=&#8221;0&#8243;][vc_column_text]<\/p>\n<h5 style=\"text-align: center;\">By Lunica P\u0131rlanta<\/h5>\n<p>[\/vc_column_text][vc_separator type=&#8221;transparent&#8221; up=&#8221;15&#8243; down=&#8221;0&#8243;][vc_column_text]<\/p>\n<p style=\"text-align: center;\">By Lunica P\u0131rlanta Markam\u0131zda y\u00fcksek kalite,renk ve i\u015f\u00e7ilikte uluslararas\u0131 ve marka sertifikal\u0131 p\u0131rlantal\u0131 alt\u0131n \u00fcr\u00fcn koleksiyonlar\u0131\u00a0 yer almaktad\u0131r. P\u0131rlantal\u0131 tek ta\u015f kolye ucu , k\u00fcpe, su yolu , tek ta\u015f , be\u015f ta\u015f, tam tur y\u00fcz\u00fck ve\u00a0 alyans modelleri en \u00e7ok tercih edilen \u00fcr\u00fcnler aras\u0131ndad\u0131r. \u0130hti\u015fam ve \u0131\u015f\u0131lt\u0131y\u0131 seven t\u00fcm bayanlar\u0131n tercihidir.<\/p>\n<p>[\/vc_column_text][vc_separator type=&#8221;transparent&#8221; up=&#8221;15&#8243; down=&#8221;0&#8243;][vc_row_inner row_type=&#8221;row&#8221; type=&#8221;full_width&#8221; text_align=&#8221;center&#8221; css_animation=&#8221;&#8221;][vc_column_inner]\n\n\t<a href=\"http:\/\/bylunica.com\/\" target=\"_blank\" style=\"font-weight: 300\" class=\"qode-btn qode-btn-medium qode-btn-solid qode-btn-icon qode-btn-shadow-hover\"  >\n\t    <span class=\"qode-btn-text\">Link<\/span><span class=\"qode-button-v2-icon-holder\"><i class=\"qode_icon_font_awesome fa fa-external-link qode-button-v2-icon-holder-inner\" ><\/i><\/span>\t<\/a>\n\n[\/vc_column_inner][\/vc_row_inner][vc_separator type=&#8221;transparent&#8221; up=&#8221;28&#8243; down=&#8221;0&#8243;][\/vc_column][vc_column width=&#8221;1\/2&#8243;][vc_single_image image=&#8221;15516&#8243; img_size=&#8221;full&#8221; alignment=&#8221;center&#8221; qode_css_animation=&#8221;element_from_fade&#8221; transition_delay=&#8221;0.6&#8243;][\/vc_column][\/vc_row][vc_row css_animation=&#8221;&#8221; row_type=&#8221;row&#8221; use_row_as_full_screen_section=&#8221;no&#8221; type=&#8221;grid&#8221; angled_section=&#8221;no&#8221; text_align=&#8221;left&#8221; background_image_as_pattern=&#8221;without_pattern&#8221; padding_top=&#8221;80&#8243; padding_bottom=&#8221;80&#8243; background_color=&#8221;#f8f8f8&#8243;][vc_column width=&#8221;1\/2&#8243;][vc_single_image image=&#8221;15518&#8243; img_size=&#8221;full&#8221; alignment=&#8221;center&#8221; qode_css_animation=&#8221;element_from_fade&#8221; transition_delay=&#8221;0.3&#8243;][\/vc_column][vc_column width=&#8221;1\/2&#8243;][vc_empty_space height=&#8221;30px&#8221;][vc_separator type=&#8221;transparent&#8221; up=&#8221;41&#8243; down=&#8221;0&#8243;][vc_column_text]<\/p>\n<h5 style=\"text-align: center;\">Aurum Skull<\/h5>\n<p>[\/vc_column_text][vc_separator type=&#8221;transparent&#8221; up=&#8221;15&#8243; down=&#8221;0&#8243;][vc_column_text]<\/p>\n<div class=\"testimonial_content_inner\">\n<div class=\"testimonial_text_holder\">\n<div class=\"testimonial_text_inner\">\n<p style=\"text-align: center;\">Aurum Skull Markam\u0131z, ki\u015fiye \u00f6ze \u00f6zel tasar\u0131m tema hikayeli, y\u00fcksek teknoloji kaliteli i\u015f\u00e7ilikle \u00fcretilen, kolye\u00a0 bileklik ve y\u00fcz\u00fckleriyle al\u0131\u015f\u0131lm\u0131\u015f erkek tak\u0131 ve aksesuarlar\u0131n\u0131n d\u0131\u015f\u0131nda olup rakipleri aras\u0131nda fark yaratmaktad\u0131r. Kendine g\u00fcvenen, \u00f6zen g\u00f6steren, yeni nesil trendleri takip eden, fark yarat\u0131p dikkat \u00e7ekmek isteyen, lider ruhlu, g\u00fc\u00e7l\u00fc duru\u015flu erkekler Aurum Skull tak\u0131 ve aksesuarlar\u0131n\u0131 tercih eder.<\/p>\n<p class=\"testimonial_author\" style=\"text-align: center;\"><\/div>\n<\/div>\n<div class=\"testimonial_text_holder\">\n<div class=\"testimonial_text_inner\">\n<p style=\"text-align: center;\"><\/div>\n<\/div>\n<\/div>\n<p>[\/vc_column_text][vc_separator type=&#8221;transparent&#8221; up=&#8221;15&#8243; down=&#8221;0&#8243;][vc_row_inner row_type=&#8221;row&#8221; type=&#8221;full_width&#8221; text_align=&#8221;center&#8221; css_animation=&#8221;&#8221;][vc_column_inner]\n\n\t<a href=\"http:\/\/aurumskull.com\/\" target=\"_blank\" style=\"font-weight: 300\" class=\"qode-btn qode-btn-medium qode-btn-solid qode-btn-icon qode-btn-shadow-hover\"  >\n\t    <span class=\"qode-btn-text\">Link<\/span><span class=\"qode-button-v2-icon-holder\"><i class=\"qode_icon_font_awesome fa fa-external-link qode-button-v2-icon-holder-inner\" ><\/i><\/span>\t<\/a>\n\n[\/vc_column_inner][\/vc_row_inner][\/vc_column][\/vc_row][vc_row css_animation=&#8221;&#8221; row_type=&#8221;row&#8221; use_row_as_full_screen_section=&#8221;no&#8221; type=&#8221;grid&#8221; angled_section=&#8221;no&#8221; text_align=&#8221;left&#8221; background_image_as_pattern=&#8221;without_pattern&#8221; padding_top=&#8221;80&#8243; padding_bottom=&#8221;80&#8243; background_color=&#8221;#ffffff&#8221;][vc_column width=&#8221;1\/2&#8243;][vc_empty_space height=&#8221;70px&#8221;][vc_separator type=&#8221;transparent&#8221; up=&#8221;41&#8243; down=&#8221;0&#8243;][vc_column_text]<\/p>\n<h5 style=\"text-align: center;\">Dalmann Chocolate<\/h5>\n<p>[\/vc_column_text][vc_separator type=&#8221;transparent&#8221; up=&#8221;15&#8243; down=&#8221;0&#8243;][vc_column_text]<\/p>\n<p>\u00c7ikolata kapl\u0131 draje \u00e7e\u015fitlerinden madlen \u00e7ikolatalara, spesiyal \u00e7ikolatalardan tablet \u00e7ikolatalara kadar \u00e7ikolatan\u0131n hemen her \u00e7e\u015fidinden olu\u015fan dev \u00fcr\u00fcn yelpazesiyle, Dalman \u00a0Chocolate Markas\u0131n\u0131 d\u00fcnyan\u0131n bir\u00e7ok \u00fclkesinde \u00e7ikolata\u00a0severlerle bulu\u015fturmaktad\u0131r. \u00d6zel davet , otel, kurumsal promosyonlar i\u00e7in \u00f6zel temal\u0131 kutulu \u00e7ikolatalar da haz\u0131rlanmaktad\u0131r.<\/p>\n<p>[\/vc_column_text][vc_separator type=&#8221;transparent&#8221; up=&#8221;15&#8243; down=&#8221;0&#8243;][vc_row_inner row_type=&#8221;row&#8221; type=&#8221;full_width&#8221; text_align=&#8221;center&#8221; css_animation=&#8221;&#8221;][vc_column_inner]\n\n\t<a href=\"http:\/\/dalmannchocolate.com\/\" target=\"_blank\" style=\"font-weight: 300\" class=\"qode-btn qode-btn-medium qode-btn-solid qode-btn-icon qode-btn-shadow-hover\"  >\n\t    <span class=\"qode-btn-text\">Link<\/span><span class=\"qode-button-v2-icon-holder\"><i class=\"qode_icon_font_awesome fa fa-external-link qode-button-v2-icon-holder-inner\" ><\/i><\/span>\t<\/a>\n\n[\/vc_column_inner][\/vc_row_inner][vc_separator type=&#8221;transparent&#8221; up=&#8221;28&#8243; down=&#8221;0&#8243;][\/vc_column][vc_column width=&#8221;1\/2&#8243;][vc_single_image image=&#8221;15520&#8243; img_size=&#8221;full&#8221; alignment=&#8221;center&#8221; qode_css_animation=&#8221;element_from_fade&#8221; transition_delay=&#8221;0.6&#8243;][\/vc_column][\/vc_row][vc_row css_animation=&#8221;&#8221; row_type=&#8221;row&#8221; use_row_as_full_screen_section=&#8221;no&#8221; type=&#8221;grid&#8221; angled_section=&#8221;no&#8221; text_align=&#8221;left&#8221; background_image_as_pattern=&#8221;without_pattern&#8221; padding_top=&#8221;80&#8243; padding_bottom=&#8221;80&#8243; background_color=&#8221;#f8f8f8&#8243;][vc_column width=&#8221;1\/2&#8243;][vc_single_image image=&#8221;15656&#8243; img_size=&#8221;full&#8221; alignment=&#8221;center&#8221; qode_css_animation=&#8221;element_from_fade&#8221; transition_delay=&#8221;0.3&#8243;][\/vc_column][vc_column width=&#8221;1\/2&#8243;][vc_empty_space height=&#8221;30px&#8221;][vc_separator type=&#8221;transparent&#8221; up=&#8221;41&#8243; down=&#8221;0&#8243;][vc_column_text]<\/p>\n<h5 style=\"text-align: center;\">Sipermatik &#038; Face Shield<\/h5>\n<p>[\/vc_column_text][vc_separator type=&#8221;transparent&#8221; up=&#8221;15&#8243; down=&#8221;0&#8243;][vc_column_text]<\/p>\n<p>G\u00fcn\u00fcm\u00fcz\u00fcn K\u00fcresel m\u00fccadelesinde, \u00fcretti\u011fi \u201cY\u00fcz Koruma Siperi\u201d ile bir \u00e7ok alanda katk\u0131 sa\u011flam\u0131\u015f bulunmaktad\u0131r.<\/p>\n<p>[\/vc_column_text][vc_separator type=&#8221;transparent&#8221; up=&#8221;15&#8243; down=&#8221;0&#8243;][vc_row_inner row_type=&#8221;row&#8221; type=&#8221;full_width&#8221; text_align=&#8221;center&#8221; css_animation=&#8221;&#8221;][vc_column_inner]\n\n\t<a href=\"http:\/\/sipermatik.com\/\" target=\"_blank\" style=\"font-weight: 300\" class=\"qode-btn qode-btn-medium qode-btn-solid qode-btn-icon qode-btn-shadow-hover\"  >\n\t    <span class=\"qode-btn-text\">Link<\/span><span class=\"qode-button-v2-icon-holder\"><i class=\"qode_icon_font_awesome fa fa-external-link qode-button-v2-icon-holder-inner\" ><\/i><\/span>\t<\/a>\n\n[\/vc_column_inner][\/vc_row_inner][\/vc_column][\/vc_row][vc_row css_animation=&#8221;&#8221; row_type=&#8221;row&#8221; use_row_as_full_screen_section=&#8221;no&#8221; type=&#8221;full_width&#8221; angled_section=&#8221;no&#8221; text_align=&#8221;left&#8221; background_image_as_pattern=&#8221;without_pattern&#8221;][vc_column][vc_column_text]<\/p>\n<p>[\/vc_column_text][\/vc_column][\/vc_row]<\/p>","protected":false},"excerpt":{"rendered":"<p>[vc_row css_animation=&#8221;&#8221; row_type=&#8221;row&#8221; use_row_as_full_screen_section=&#8221;no&#8221; type=&#8221;full_width&#8221; angled_section=&#8221;no&#8221; text_align=&#8221;left&#8221; background_image_as_pattern=&#8221;without_pattern&#8221;][vc_column][vc_column_text][\/vc_column_text][\/vc_column][\/vc_row][vc_row css_animation=&#8221;&#8221; row_type=&#8221;row&#8221; use_row_as_full_screen_section=&#8221;no&#8221; type=&#8221;grid&#8221; angled_section=&#8221;no&#8221; text_align=&#8221;left&#8221; background_image_as_pattern=&#8221;without_pattern&#8221; padding_top=&#8221;80&#8243; padding_bottom=&#8221;80&#8243; background_color=&#8221;#ffffff&#8221;][vc_column width=&#8221;1\/2&#8243;][vc_empty_space height=&#8221;30px&#8221;][vc_separator type=&#8221;transparent&#8221; up=&#8221;41&#8243; down=&#8221;0&#8243;][vc_column_text] Tak\u0131 Sat\u0131\u015f [\/vc_column_text][vc_separator type=&#8221;transparent&#8221; up=&#8221;15&#8243; down=&#8221;0&#8243;][vc_column_text] www.takisatis.com\u00a0 Online , Mobil teknoloji ile her zaman, her yerde\u00a0 alt\u0131n, p\u0131rlanta, g\u00fcm\u00fc\u015f, m\u00fccevher ve aksesuarlara\u00a0&#8230;<\/p>\n","protected":false},"author":1,"featured_media":0,"parent":0,"menu_order":0,"comment_status":"open","ping_status":"closed","template":"full_width.php","meta":[],"_links":{"self":[{"href":"https:\/\/ofisdepot.com\/tr\/wp-json\/wp\/v2\/pages\/15013"}],"collection":[{"href":"https:\/\/ofisdepot.com\/tr\/wp-json\/wp\/v2\/pages"}],"about":[{"href":"https:\/\/ofisdepot.com\/tr\/wp-json\/wp\/v2\/types\/page"}],"author":[{"embeddable":true,"href":"https:\/\/ofisdepot.com\/tr\/wp-json\/wp\/v2\/users\/1"}],"replies":[{"embeddable":true,"href":"https:\/\/ofisdepot.com\/tr\/wp-json\/wp\/v2\/comments?post=15013"}],"version-history":[{"count":42,"href":"https:\/\/ofisdepot.com\/tr\/wp-json\/wp\/v2\/pages\/15013\/revisions"}],"predecessor-version":[{"id":15660,"href":"https:\/\/ofisdepot.com\/tr\/wp-json\/wp\/v2\/pages\/15013\/revisions\/15660"}],"wp:attachment":[{"href":"https:\/\/ofisdepot.com\/tr\/wp-json\/wp\/v2\/media?parent=15013"}],"curies":[{"name":"wp","href":"https:\/\/api.w.org\/{rel}","templated":true}]}}