{"id":14973,"date":"2014-05-26T09:57:38","date_gmt":"2014-05-26T06:57:38","guid":{"rendered":"http:\/\/demo.qodeinteractive.com\/bridge8\/?page_id=14973"},"modified":"2020-03-23T15:01:52","modified_gmt":"2020-03-23T12:01:52","slug":"hakkimizda","status":"publish","type":"page","link":"https:\/\/ofisdepot.com\/tr\/hakkimizda\/","title":{"rendered":"Hakk\u0131m\u0131zda"},"content":{"rendered":"<p>[vc_row css_animation=&#8221;&#8221; row_type=&#8221;row&#8221; use_row_as_full_screen_section=&#8221;no&#8221; type=&#8221;full_width&#8221; angled_section=&#8221;no&#8221; text_align=&#8221;left&#8221; background_image_as_pattern=&#8221;without_pattern&#8221;][vc_column][vc_empty_space height=&#8221;60px&#8221;][vc_column_text]<\/p>\n<h1 style=\"text-align: center;\">Yenilik\u00e7i anlay\u0131\u015f\u0131m\u0131zla m\u00fc\u015fterilerimizin kendilerini mutlu ve \u00f6zel hissetmelerini sa\u011flamay\u0131 esas al\u0131yoruz.<\/h1>\n<p>[\/vc_column_text][vc_separator type=&#8221;small&#8221; position=&#8221;center&#8221; down=&#8221;61&#8243; up=&#8221;24&#8243;][\/vc_column][\/vc_row][vc_row css_animation=&#8221;&#8221; row_type=&#8221;row&#8221; use_row_as_full_screen_section=&#8221;no&#8221; type=&#8221;full_width&#8221; angled_section=&#8221;no&#8221; text_align=&#8221;left&#8221; background_image_as_pattern=&#8221;without_pattern&#8221;][vc_column width=&#8221;1\/6&#8243;][\/vc_column][vc_column width=&#8221;2\/3&#8243;][vc_column_text]<\/p>\n<p style=\"text-align: left;\">1986 y\u0131l\u0131nda ticari i\u015fletme olarak faaliyetine ba\u015flayan Ofis Depot Grubun g\u00fcc\u00fc, m\u00fccevherat ve kuyumculuk imalat ve sat\u0131\u015f\u0131nda yar\u0131m as\u0131r\u0131 a\u015fk\u0131n tecr\u00fcbeye dayanmaktad\u0131r.G\u00fcncel eknoloji ve trendleri takip eden tasar\u0131mlar\u0131m\u0131z ile alt\u0131n, p\u0131rlanta , g\u00fcm\u00fc\u015f vb. her t\u00fcrl\u00fc tak\u0131 ve m\u00fccevherat \u00fcretimlerinin ihracat\u0131n\u0131 be\u015f ( 5 ) k\u0131taya yapmaktay\u0131z. \u0130nnovasyon , arge teknolojilerine verdi\u011fimiz \u00f6nem, geli\u015fime ve s\u00fcrekli iyile\u015ftirmeye a\u00e7\u0131k kalite anlay\u0131\u015f\u0131, ko\u015fulsuz m\u00fc\u015fteri ili\u015fkileri y\u00f6netimi hizmetiyle hayata ge\u00e7irdi\u011fimiz , ger\u00e7ek m\u00fc\u015fteri memnuniyeti b\u00fct\u00fcn\u00fcnde \u00e7al\u0131\u015fmalar\u0131m\u0131za devam etmekteyiz. Ofis Depot; Lunica Jewellery, Luni-Gold, Dalman Silver,\u00a0Dalman Jewellery, By Lunica P\u0131rlanta, Aurum Skull, Dalman Chocolate, markalar\u0131yla yurtd\u0131\u015f\u0131 ve yurtd\u0131\u015f\u0131nda tan\u0131n\u0131rl\u0131\u011f\u0131n\u0131 artt\u0131rmay\u0131 s\u00fcrd\u00fcrmektedir. 2018 y\u0131l\u0131 itibariyle de www.takisatis.com e-ticaret web sitesiyle, markalar\u0131n\u0131 g\u00fcncel perakende sat\u0131\u015f kanal\u0131nda m\u00fc\u015fterilerin tercihine sunmaktad\u0131r. Ayn\u0131 zamanda elektronik ve teknolojik \u00fcr\u00fcnler toptan ve perakende sat\u0131\u015f\u0131, cam \u00fcr\u00fcnlerin tedariki, ithalat ve ihracat\u0131 , y\u00fcksek kaliteli teknolojik \u00fcretim alt yap\u0131s\u0131 ve e-ticaret alanlar\u0131nda yeni yat\u0131r\u0131mlar yaparak , faaliyetlerini geni\u015fletmeye devam etmektedir.\u00a0Ayn\u0131 zamanda elektronik ve teknolojik \u00fcr\u00fcnler toptan ve perakende sat\u0131\u015f\u0131, cam \u00fcr\u00fcnlerin tedariki, ithalat ve ihracat\u0131 , y\u00fcksek kaliteli teknolojik \u00fcretim alt yap\u0131s\u0131 ve e-ticaret alanlar\u0131nda yeni yat\u0131r\u0131mlar yaparak , faaliyetlerini geni\u015fletmeye devam etmektedir.<\/p>\n<p>[\/vc_column_text][vc_empty_space][\/vc_column][vc_column width=&#8221;1\/6&#8243;][\/vc_column][\/vc_row][vc_row css_animation=&#8221;&#8221; row_type=&#8221;row&#8221; use_row_as_full_screen_section=&#8221;no&#8221; type=&#8221;grid&#8221; angled_section=&#8221;no&#8221; text_align=&#8221;left&#8221; background_image_as_pattern=&#8221;without_pattern&#8221; padding_top=&#8221;68&#8243; padding_bottom=&#8221;30&#8243; background_color=&#8221;#ffffff&#8221;][vc_column width=&#8221;1\/2&#8243;][vc_empty_space][vc_column_text]<\/p>\n<h3 style=\"text-align: center;\">VIZYONUMUZ<\/h3>\n<p>[\/vc_column_text][vc_empty_space height=&#8221;10px&#8221;][vc_column_text]<\/p>\n<p style=\"text-align: left;\">Do\u011fru kalitede t\u00fcketici talep ve ihtiya\u00e7lar\u0131n\u0131 en \u00fcst seviyede kar\u015f\u0131layarak her alan\u0131m\u0131zda fark yaratmak. Grubumuzun ulusal \/ uluslararas\u0131 pazarda etkinli\u011fini ve verimlili\u011fini artt\u0131rmak amac\u0131yla kendi y\u00f6ntemlerini s\u00fcrekli geli\u015ftiren, sekt\u00f6r\u00fcn \u00f6nc\u00fcl\u00fc\u011f\u00fcn\u00fc yapan, T\u00fcrkiye\u00b4nin g\u00fcvenilir ve sayg\u0131n Kurulu\u015flar\u0131 aras\u0131nda yer almak.<\/p>\n<p>[\/vc_column_text][vc_empty_space][\/vc_column][vc_column width=&#8221;1\/2&#8243;][vc_empty_space][vc_column_text]<\/p>\n<h3 style=\"text-align: center;\">M\u0130SYONUMUZ<\/h3>\n<p>[\/vc_column_text][vc_empty_space height=&#8221;10px&#8221;][vc_column_text]<\/p>\n<p style=\"text-align: left;\">\u00dcr\u00fcn ve hizmet kalitemizi s\u00fcrekli geli\u015ftirerek m\u00fc\u015fterilerimizin talep ve beklentilerini en \u00fcst seviyede kar\u015f\u0131lamak, G\u00fc\u00e7l\u00fc ileti\u015fim ile duygusal bir ba\u011f yaratarak m\u00fc\u015fteri sadakatini sa\u011flamak, rekabet g\u00fcc\u00fcm\u00fcz\u00fc ve k\u00e2rl\u0131l\u0131\u011f\u0131m\u0131z\u0131 artt\u0131rmak.<\/p>\n<p>[\/vc_column_text][vc_empty_space][\/vc_column][\/vc_row][vc_row css_animation=&#8221;&#8221; row_type=&#8221;row&#8221; use_row_as_full_screen_section=&#8221;no&#8221; type=&#8221;grid&#8221; angled_section=&#8221;no&#8221; text_align=&#8221;left&#8221; background_image_as_pattern=&#8221;without_pattern&#8221; z_index=&#8221;&#8221; padding_top=&#8221;70&#8243; padding_bottom=&#8221;71&#8243;][vc_column][vc_column_text]<\/p>\n<h1 style=\"text-align: center;\">MARKALARIMIZ<\/h1>\n<p>[\/vc_column_text][vc_empty_space]<div class='qode_carousels_holder clearfix'><div class='qode_carousels' data-number-of-visible-items=''><ul class='slides'><li class='item'><div class=\"carousel_item_holder\"><span class='first_image_holder has_hover_image'><img itemprop=\"image\" src=\"http:\/\/ofisdepot.com\/wp-content\/uploads\/2019\/08\/dalmanJs_r.png\" alt=\"carousel image\" \/><\/span><span class='second_image_holder has_hover_image'><img itemprop=\"image\" src=\"http:\/\/ofisdepot.com\/wp-content\/uploads\/2019\/08\/dalmanJs_S.png\" alt=\"carousel image\" \/><\/span><\/div><\/li><li class='item'><div class=\"carousel_item_holder\"><a itemprop='url' href='http:\/\/luni-gold.com\/' target='_self'><span class='first_image_holder has_hover_image'><img itemprop=\"image\" src=\"http:\/\/ofisdepot.com\/wp-content\/uploads\/2019\/08\/lunigold-r.png\" alt=\"carousel image\" \/><\/span><span class='second_image_holder has_hover_image'><img itemprop=\"image\" src=\"http:\/\/ofisdepot.com\/wp-content\/uploads\/2019\/08\/lunigold-s.png\" alt=\"carousel image\" \/><\/span><\/a><\/div><\/li><li class='item'><div class=\"carousel_item_holder\"><span class='first_image_holder has_hover_image'><img itemprop=\"image\" src=\"http:\/\/ofisdepot.com\/wp-content\/uploads\/2019\/08\/dalmanns_s.png\" alt=\"carousel image\" \/><\/span><span class='second_image_holder has_hover_image'><img itemprop=\"image\" src=\"http:\/\/ofisdepot.com\/wp-content\/uploads\/2019\/08\/dalmanns_r.png\" alt=\"carousel image\" \/><\/span><\/div><\/li><li class='item'><div class=\"carousel_item_holder\"><a itemprop='url' href='http:\/\/dalmannchocolate.com\/' target='_self'><span class='first_image_holder has_hover_image'><img itemprop=\"image\" src=\"http:\/\/ofisdepot.com\/wp-content\/uploads\/2019\/08\/dalman_c_r1.png\" alt=\"carousel image\" \/><\/span><span class='second_image_holder has_hover_image'><img itemprop=\"image\" src=\"http:\/\/ofisdepot.com\/wp-content\/uploads\/2019\/08\/dalman_c_s1.png\" alt=\"carousel image\" \/><\/span><\/a><\/div><\/li><li class='item'><div class=\"carousel_item_holder\"><a itemprop='url' href='www.takisatis.com' target='_self'><span class='first_image_holder has_hover_image'><img itemprop=\"image\" src=\"http:\/\/ofisdepot.com\/wp-content\/uploads\/2019\/08\/TAKI-270100SS-11.png\" alt=\"carousel image\" \/><\/span><span class='second_image_holder has_hover_image'><img itemprop=\"image\" src=\"http:\/\/ofisdepot.com\/wp-content\/uploads\/2019\/08\/TAKI-270100BB-11.png\" alt=\"carousel image\" \/><\/span><\/a><\/div><\/li><li class='item'><div class=\"carousel_item_holder\"><a itemprop='url' href='http:\/\/aurumskull.com\/' target='_self'><span class='first_image_holder has_hover_image'><img itemprop=\"image\" src=\"http:\/\/ofisdepot.com\/wp-content\/uploads\/2019\/08\/aurrumskl_r.png\" alt=\"carousel image\" \/><\/span><span class='second_image_holder has_hover_image'><img itemprop=\"image\" src=\"http:\/\/ofisdepot.com\/wp-content\/uploads\/2019\/08\/aurrumskl_s.png\" alt=\"carousel image\" \/><\/span><\/a><\/div><\/li><li class='item'><div class=\"carousel_item_holder\"><a itemprop='url' href='http:\/\/lunicajewellery.com\/' target='_blank'><span class='first_image_holder has_hover_image'><img itemprop=\"image\" src=\"http:\/\/ofisdepot.com\/wp-content\/uploads\/2019\/08\/lunica_jev_r.png\" alt=\"carousel image\" \/><\/span><span class='second_image_holder has_hover_image'><img itemprop=\"image\" src=\"http:\/\/ofisdepot.com\/wp-content\/uploads\/2019\/08\/lunica_jev_s.png\" alt=\"carousel image\" \/><\/span><\/a><\/div><\/li><\/ul><\/div><\/div>[\/vc_column][\/vc_row][vc_row css_animation=&#8221;&#8221; row_type=&#8221;row&#8221; use_row_as_full_screen_section=&#8221;no&#8221; type=&#8221;grid&#8221; angled_section=&#8221;no&#8221; text_align=&#8221;left&#8221; background_image_as_pattern=&#8221;without_pattern&#8221; z_index=&#8221;&#8221; padding_top=&#8221;70&#8243; padding_bottom=&#8221;71&#8243; css=&#8221;.vc_custom_1566991429401{background-color: #ffffff !important;}&#8221;][vc_column][vc_column_text]<\/p>\n<h1 style=\"text-align: center;\">\u0130\u015eB\u0130RL\u0130K\u00c7\u0130LER\u0130M\u0130Z<\/h1>\n<p>[\/vc_column_text][vc_empty_space]<div class='qode_carousels_holder clearfix'><div class='qode_carousels' data-number-of-visible-items=''><ul class='slides'><li class='item'><div class=\"carousel_item_holder\"><a itemprop='url' href='https:\/\/www.beymen.com\/aurum-skull-60347' target='_self'><span class='first_image_holder has_hover_image'><img itemprop=\"image\" src=\"http:\/\/ofisdepot.com\/wp-content\/uploads\/2019\/08\/BEYMEN_G.png\" alt=\"carousel image\" \/><\/span><span class='second_image_holder has_hover_image'><img itemprop=\"image\" src=\"http:\/\/ofisdepot.com\/wp-content\/uploads\/2019\/08\/BEYMEN_B.png\" alt=\"carousel image\" \/><\/span><\/a><\/div><\/li><li class='item'><div class=\"carousel_item_holder\"><a itemprop='url' href='https:\/\/www.n11.com\/magaza\/takisatis' target='_self'><span class='first_image_holder has_hover_image'><img itemprop=\"image\" src=\"http:\/\/ofisdepot.com\/wp-content\/uploads\/2019\/08\/N11-R.png\" alt=\"carousel image\" \/><\/span><span class='second_image_holder has_hover_image'><img itemprop=\"image\" src=\"http:\/\/ofisdepot.com\/wp-content\/uploads\/2019\/08\/N11-S.png\" alt=\"carousel image\" \/><\/span><\/a><\/div><\/li><li class='item'><div class=\"carousel_item_holder\"><a itemprop='url' href='http:\/hepsiburada.com\/' target='_self'><span class='first_image_holder has_hover_image'><img itemprop=\"image\" src=\"http:\/\/ofisdepot.com\/wp-content\/uploads\/2019\/08\/hepsiburada-r.png\" alt=\"carousel image\" \/><\/span><span class='second_image_holder has_hover_image'><img itemprop=\"image\" src=\"http:\/\/ofisdepot.com\/wp-content\/uploads\/2019\/08\/hepsiburada-g.png\" alt=\"carousel image\" \/><\/span><\/a><\/div><\/li><li class='item'><div class=\"carousel_item_holder\"><span class='first_image_holder has_hover_image'><img itemprop=\"image\" src=\"http:\/\/ofisdepot.com\/wp-content\/uploads\/2019\/08\/trendyol-r.png\" alt=\"carousel image\" \/><\/span><span class='second_image_holder has_hover_image'><img itemprop=\"image\" src=\"http:\/\/ofisdepot.com\/wp-content\/uploads\/2019\/08\/trendyol-s.png\" alt=\"carousel image\" \/><\/span><\/div><\/li><li class='item'><div class=\"carousel_item_holder\"><span class='first_image_holder has_hover_image'><img itemprop=\"image\" src=\"http:\/\/ofisdepot.com\/wp-content\/uploads\/2020\/03\/etst1a.png\" alt=\"carousel image\" \/><\/span><span class='second_image_holder has_hover_image'><img itemprop=\"image\" src=\"http:\/\/ofisdepot.com\/wp-content\/uploads\/2020\/03\/etst1g.png\" alt=\"carousel image\" \/><\/span><\/div><\/li><li class='item'><div class=\"carousel_item_holder\"><span class='first_image_holder has_hover_image'><img itemprop=\"image\" src=\"http:\/\/ofisdepot.com\/wp-content\/uploads\/2020\/03\/ciceksepeti-1.png\" alt=\"carousel image\" \/><\/span><span class='second_image_holder has_hover_image'><img itemprop=\"image\" src=\"http:\/\/ofisdepot.com\/wp-content\/uploads\/2020\/03\/ciceksepeti-2.png\" alt=\"carousel image\" \/><\/span><\/div><\/li><\/ul><\/div><\/div>[\/vc_column][\/vc_row]<\/p>","protected":false},"excerpt":{"rendered":"<p>[vc_row css_animation=&#8221;&#8221; row_type=&#8221;row&#8221; use_row_as_full_screen_section=&#8221;no&#8221; type=&#8221;full_width&#8221; angled_section=&#8221;no&#8221; text_align=&#8221;left&#8221; background_image_as_pattern=&#8221;without_pattern&#8221;][vc_column][vc_empty_space height=&#8221;60px&#8221;][vc_column_text] Yenilik\u00e7i anlay\u0131\u015f\u0131m\u0131zla m\u00fc\u015fterilerimizin kendilerini mutlu ve \u00f6zel hissetmelerini sa\u011flamay\u0131 esas al\u0131yoruz. [\/vc_column_text][vc_separator type=&#8221;small&#8221; position=&#8221;center&#8221; down=&#8221;61&#8243; up=&#8221;24&#8243;][\/vc_column][\/vc_row][vc_row css_animation=&#8221;&#8221; row_type=&#8221;row&#8221; use_row_as_full_screen_section=&#8221;no&#8221; type=&#8221;full_width&#8221; angled_section=&#8221;no&#8221; text_align=&#8221;left&#8221; background_image_as_pattern=&#8221;without_pattern&#8221;][vc_column width=&#8221;1\/6&#8243;][\/vc_column][vc_column width=&#8221;2\/3&#8243;][vc_column_text] 1986 y\u0131l\u0131nda ticari i\u015fletme olarak faaliyetine ba\u015flayan Ofis Depot Grubun g\u00fcc\u00fc,&#8230;<\/p>\n","protected":false},"author":1,"featured_media":0,"parent":0,"menu_order":0,"comment_status":"open","ping_status":"closed","template":"full_width.php","meta":[],"_links":{"self":[{"href":"https:\/\/ofisdepot.com\/tr\/wp-json\/wp\/v2\/pages\/14973"}],"collection":[{"href":"https:\/\/ofisdepot.com\/tr\/wp-json\/wp\/v2\/pages"}],"about":[{"href":"https:\/\/ofisdepot.com\/tr\/wp-json\/wp\/v2\/types\/page"}],"author":[{"embeddable":true,"href":"https:\/\/ofisdepot.com\/tr\/wp-json\/wp\/v2\/users\/1"}],"replies":[{"embeddable":true,"href":"https:\/\/ofisdepot.com\/tr\/wp-json\/wp\/v2\/comments?post=14973"}],"version-history":[{"count":32,"href":"https:\/\/ofisdepot.com\/tr\/wp-json\/wp\/v2\/pages\/14973\/revisions"}],"predecessor-version":[{"id":15635,"href":"https:\/\/ofisdepot.com\/tr\/wp-json\/wp\/v2\/pages\/14973\/revisions\/15635"}],"wp:attachment":[{"href":"https:\/\/ofisdepot.com\/tr\/wp-json\/wp\/v2\/media?parent=14973"}],"curies":[{"name":"wp","href":"https:\/\/api.w.org\/{rel}","templated":true}]}}