{"id":14881,"date":"2014-05-23T09:33:31","date_gmt":"2014-05-23T06:33:31","guid":{"rendered":"http:\/\/demo.qodeinteractive.com\/bridge8\/?page_id=14881"},"modified":"2020-03-23T15:00:18","modified_gmt":"2020-03-23T12:00:18","slug":"anasayfa","status":"publish","type":"page","link":"https:\/\/ofisdepot.com\/tr\/","title":{"rendered":"Anasayfa"},"content":{"rendered":"<p>[vc_row css_animation=&#8221;&#8221; row_type=&#8221;row&#8221; use_row_as_full_screen_section=&#8221;no&#8221; type=&#8221;grid&#8221; angled_section=&#8221;no&#8221; text_align=&#8221;left&#8221; background_image_as_pattern=&#8221;without_pattern&#8221; padding_top=&#8221;71&#8243; padding_bottom=&#8221;70&#8243; background_color=&#8221;#f8f8f8&#8243;][vc_column][vc_column_text]<\/p>\n<h2 style=\"text-align: center;\">Ofis Depot Grup;<\/h2>\n<p>[\/vc_column_text][vc_empty_space height=&#8221;20px&#8221;][vc_column_text]<\/p>\n<h3 style=\"text-align: center;\">G\u00fcncel teknoloji ve trendleri takip eden tasar\u0131mlar\u0131m\u0131z ile alt\u0131n, p\u0131rlanta , g\u00fcm\u00fc\u015f vb. her t\u00fcrl\u00fc tak\u0131 ve m\u00fccevherat \u00fcretimlerinin ihracat\u0131n\u0131 be\u015f ( 5 ) k\u0131taya yapmaktay\u0131z.<\/h3>\n<p>[\/vc_column_text][vc_separator type=&#8221;small&#8221; position=&#8221;center&#8221; down=&#8221;61&#8243; up=&#8221;24&#8243;][\/vc_column][\/vc_row][vc_row row_type=&#8221;parallax&#8221; parallax_content_width=&#8221;in_grid&#8221; text_align=&#8221;left&#8221; full_screen_section_height=&#8221;no&#8221; section_height=&#8221;469&#8243; css=&#8221;.vc_custom_1567079813191{background-color: #000000 !important;}&#8221; background_image=&#8221;15571&#8243;][vc_column][vc_separator type=&#8221;transparent&#8221; up=&#8221;110&#8243; down=&#8221;0&#8243;][vc_row_inner row_type=&#8221;row&#8221; type=&#8221;full_width&#8221; text_align=&#8221;left&#8221; css_animation=&#8221;&#8221;][vc_column_inner][vc_empty_space height=&#8221;120px&#8221;][vc_column_text]<\/p>\n<h1 style=\"text-align: center;\"><span style=\"color: #ffffff;\">TEKNOLOJ\u0130, \u0130ST\u0130KRAR, G\u00dcVEN, MEMNUN\u0130YET<\/span><\/h1>\n<p>[\/vc_column_text][vc_separator type=&#8221;transparent&#8221; up=&#8221;22&#8243; down=&#8221;0&#8243;][vc_empty_space height=&#8221;120px&#8221;][vc_separator type=&#8221;transparent&#8221; up=&#8221;80&#8243; down=&#8221;0&#8243;][\/vc_column_inner][\/vc_row_inner][\/vc_column][\/vc_row][vc_row css_animation=&#8221;&#8221; row_type=&#8221;row&#8221; use_row_as_full_screen_section=&#8221;no&#8221; type=&#8221;grid&#8221; angled_section=&#8221;no&#8221; text_align=&#8221;left&#8221; background_image_as_pattern=&#8221;without_pattern&#8221; padding_top=&#8221;74&#8243; padding_bottom=&#8221;46&#8243; background_color=&#8221;#ffffff&#8221;][vc_column][vc_column_text]<\/p>\n<h2 style=\"text-align: center;\">Ofis Depot<\/h2>\n<p>[\/vc_column_text][vc_separator type=&#8221;small&#8221; position=&#8221;center&#8221; down=&#8221;61&#8243; up=&#8221;24&#8243;][vc_row_inner row_type=&#8221;row&#8221; type=&#8221;full_width&#8221; text_align=&#8221;left&#8221; css_animation=&#8221;&#8221;][vc_column_inner width=&#8221;1\/2&#8243;][vc_single_image image=&#8221;15565&#8243; img_size=&#8221;full&#8221; alignment=&#8221;center&#8221; qode_css_animation=&#8221;element_from_fade&#8221; transition_delay=&#8221;0.2&#8243; img_link=&#8221;http:\/\/demo.qodeinteractive.com\/bridge8\/portfolio\/gallery-style-condensed\/five-columns-wide\/&#8221;][vc_separator type=&#8221;transparent&#8221; up=&#8221;33&#8243; down=&#8221;0&#8243;][vc_column_text]<\/p>\n<h5 style=\"text-align: left;\">M\u00fc\u015fteri Memnuniyeti En \u00d6nemli Yap\u0131ta\u015f\u0131m\u0131zd\u0131r!<\/h5>\n<p>[\/vc_column_text][vc_separator type=&#8221;transparent&#8221; up=&#8221;14&#8243; down=&#8221;0&#8243;][vc_column_text]<\/p>\n<p style=\"text-align: left;\">Temel ilkemiz; m\u00fc\u015fteri ihtiya\u00e7 ve beklentilerini , s\u00fcrekli, zaman\u0131nda kar\u015f\u0131layarak \u00fcst\u00fcn m\u00fc\u015fteri deneyimini ve memnuniyetini sa\u011flamakt\u0131r. M\u00fc\u015fteri memnuniyeti politikas\u0131n\u0131n temelini \u201cM\u00fc\u015fteri Odakl\u0131l\u0131k\u201d olu\u015fturur. M\u00fc\u015fteri talep ve beklentileri do\u011frultusunda s\u00fcre\u00e7lerimizi s\u00fcrekli iyile\u015ftirir ve m\u00fc\u015fterilerimizle uzun s\u00fcreli ili\u015fkiler kurmay\u0131 hedefleriz.<\/p>\n<p>[\/vc_column_text][vc_separator type=&#8221;transparent&#8221; up=&#8221;47&#8243; down=&#8221;0&#8243;][\/vc_column_inner][vc_column_inner width=&#8221;1\/2&#8243;][vc_single_image image=&#8221;15566&#8243; img_size=&#8221;full&#8221; alignment=&#8221;center&#8221; qode_css_animation=&#8221;element_from_fade&#8221; transition_delay=&#8221;0.4&#8243; img_link=&#8221;http:\/\/demo.qodeinteractive.com\/bridge8\/portfolio\/gallery-style\/five-columns-wide-2\/&#8221;][vc_separator type=&#8221;transparent&#8221; up=&#8221;33&#8243; down=&#8221;0&#8243;][vc_column_text]<\/p>\n<h5 style=\"text-align: left;\">Hedefimiz S\u00fcrd\u00fcr\u00fclebilir M\u00fc\u015fteri Memnuniyeti Sa\u011flamak<\/h5>\n<p>[\/vc_column_text][vc_separator type=&#8221;transparent&#8221; up=&#8221;14&#8243; down=&#8221;0&#8243;][vc_column_text]<\/p>\n<p style=\"text-align: left;\">M\u00fc\u015fteri \u00f6neri ve \u015fikayetleri bu de\u011ferler \u00e7er\u00e7evesinde y\u00f6netilmekte olup; m\u00fc\u015fteri odakl\u0131 bak\u0131\u015f a\u00e7\u0131s\u0131 ile adil ve tarafs\u0131z olarak, yasal gerekliliklere uygun, sistematik ve profesyonelce de\u011ferlendirilmesi \u015eirketimizin birincil \u00f6nceliklerindendir. M\u00fc\u015fterilerimizin ihtiya\u00e7 ve beklentileri do\u011frultusunda, de\u011fi\u015fime a\u00e7\u0131k ve yenilik\u00e7i \u00e7al\u0131\u015fma y\u00f6ntemlerimiz ile hizmet kalitemizi en y\u00fcksek seviyeye ta\u015f\u0131maya devam etmekteyiz.<\/p>\n<p>[\/vc_column_text][vc_separator type=&#8221;transparent&#8221; up=&#8221;47&#8243; down=&#8221;0&#8243;][\/vc_column_inner][\/vc_row_inner][\/vc_column][\/vc_row][vc_row row_type=&#8221;parallax&#8221; parallax_content_width=&#8221;in_grid&#8221; text_align=&#8221;left&#8221; full_screen_section_height=&#8221;no&#8221; section_height=&#8221;469&#8243; css=&#8221;.vc_custom_1567085129893{background-color: #000000 !important;}&#8221; background_image=&#8221;15575&#8243;][vc_column][vc_separator type=&#8221;transparent&#8221; up=&#8221;110&#8243; down=&#8221;0&#8243;][vc_row_inner row_type=&#8221;row&#8221; type=&#8221;full_width&#8221; text_align=&#8221;left&#8221; css_animation=&#8221;&#8221;][vc_column_inner][vc_empty_space height=&#8221;120px&#8221;][vc_column_text]<\/p>\n<h1 style=\"text-align: center;\"><span style=\"color: #ffffff;\">Y\u00dcKSEK KAL\u0130TE VE \u0130\u015e\u00c7\u0130L\u0130K<\/span><\/h1>\n<p>[\/vc_column_text][vc_separator type=&#8221;transparent&#8221; up=&#8221;22&#8243; down=&#8221;0&#8243;][vc_empty_space height=&#8221;120px&#8221;][vc_separator type=&#8221;transparent&#8221; up=&#8221;80&#8243; down=&#8221;0&#8243;][\/vc_column_inner][\/vc_row_inner][\/vc_column][\/vc_row][vc_row css_animation=&#8221;&#8221; row_type=&#8221;row&#8221; use_row_as_full_screen_section=&#8221;no&#8221; type=&#8221;grid&#8221; angled_section=&#8221;no&#8221; text_align=&#8221;left&#8221; background_image_as_pattern=&#8221;without_pattern&#8221; padding_top=&#8221;89&#8243; padding_bottom=&#8221;121&#8243; background_color=&#8221;#f8f8f8&#8243;][vc_column][vc_column_text]<\/p>\n<h2 style=\"text-align: center;\">Markalar\u0131m\u0131z<\/h2>\n<p>[\/vc_column_text][vc_separator type=&#8221;small&#8221; position=&#8221;center&#8221; down=&#8221;61&#8243; up=&#8221;24&#8243;]<div class='qode_carousels_holder clearfix'><div class='qode_carousels' data-number-of-visible-items=''><ul class='slides'><li class='item'><div class=\"carousel_item_holder\"><span class='first_image_holder has_hover_image'><img itemprop=\"image\" src=\"http:\/\/ofisdepot.com\/wp-content\/uploads\/2019\/08\/dalmanJs_r.png\" alt=\"carousel image\" \/><\/span><span class='second_image_holder has_hover_image'><img itemprop=\"image\" src=\"http:\/\/ofisdepot.com\/wp-content\/uploads\/2019\/08\/dalmanJs_S.png\" alt=\"carousel image\" \/><\/span><\/div><\/li><li class='item'><div class=\"carousel_item_holder\"><a itemprop='url' href='http:\/\/luni-gold.com\/' target='_self'><span class='first_image_holder has_hover_image'><img itemprop=\"image\" src=\"http:\/\/ofisdepot.com\/wp-content\/uploads\/2019\/08\/lunigold-r.png\" alt=\"carousel image\" \/><\/span><span class='second_image_holder has_hover_image'><img itemprop=\"image\" src=\"http:\/\/ofisdepot.com\/wp-content\/uploads\/2019\/08\/lunigold-s.png\" alt=\"carousel image\" \/><\/span><\/a><\/div><\/li><li class='item'><div class=\"carousel_item_holder\"><span class='first_image_holder has_hover_image'><img itemprop=\"image\" src=\"http:\/\/ofisdepot.com\/wp-content\/uploads\/2019\/08\/dalmanns_s.png\" alt=\"carousel image\" \/><\/span><span class='second_image_holder has_hover_image'><img itemprop=\"image\" src=\"http:\/\/ofisdepot.com\/wp-content\/uploads\/2019\/08\/dalmanns_r.png\" alt=\"carousel image\" \/><\/span><\/div><\/li><li class='item'><div class=\"carousel_item_holder\"><a itemprop='url' href='http:\/\/dalmannchocolate.com\/' target='_self'><span class='first_image_holder has_hover_image'><img itemprop=\"image\" src=\"http:\/\/ofisdepot.com\/wp-content\/uploads\/2019\/08\/dalman_c_r1.png\" alt=\"carousel image\" \/><\/span><span class='second_image_holder has_hover_image'><img itemprop=\"image\" src=\"http:\/\/ofisdepot.com\/wp-content\/uploads\/2019\/08\/dalman_c_s1.png\" alt=\"carousel image\" \/><\/span><\/a><\/div><\/li><li class='item'><div class=\"carousel_item_holder\"><a itemprop='url' href='www.takisatis.com' target='_self'><span class='first_image_holder has_hover_image'><img itemprop=\"image\" src=\"http:\/\/ofisdepot.com\/wp-content\/uploads\/2019\/08\/TAKI-270100SS-11.png\" alt=\"carousel image\" \/><\/span><span class='second_image_holder has_hover_image'><img itemprop=\"image\" src=\"http:\/\/ofisdepot.com\/wp-content\/uploads\/2019\/08\/TAKI-270100BB-11.png\" alt=\"carousel image\" \/><\/span><\/a><\/div><\/li><li class='item'><div class=\"carousel_item_holder\"><a itemprop='url' href='http:\/\/aurumskull.com\/' target='_self'><span class='first_image_holder has_hover_image'><img itemprop=\"image\" src=\"http:\/\/ofisdepot.com\/wp-content\/uploads\/2019\/08\/aurrumskl_r.png\" alt=\"carousel image\" \/><\/span><span class='second_image_holder has_hover_image'><img itemprop=\"image\" src=\"http:\/\/ofisdepot.com\/wp-content\/uploads\/2019\/08\/aurrumskl_s.png\" alt=\"carousel image\" \/><\/span><\/a><\/div><\/li><li class='item'><div class=\"carousel_item_holder\"><a itemprop='url' href='http:\/\/lunicajewellery.com\/' target='_blank'><span class='first_image_holder has_hover_image'><img itemprop=\"image\" src=\"http:\/\/ofisdepot.com\/wp-content\/uploads\/2019\/08\/lunica_jev_r.png\" alt=\"carousel image\" \/><\/span><span class='second_image_holder has_hover_image'><img itemprop=\"image\" src=\"http:\/\/ofisdepot.com\/wp-content\/uploads\/2019\/08\/lunica_jev_s.png\" alt=\"carousel image\" \/><\/span><\/a><\/div><\/li><\/ul><\/div><\/div>[vc_separator type=&#8221;transparent&#8221; up=&#8221;22&#8243; down=&#8221;0&#8243;][\/vc_column][\/vc_row]<\/p>","protected":false},"excerpt":{"rendered":"<p>[vc_row css_animation=&#8221;&#8221; row_type=&#8221;row&#8221; use_row_as_full_screen_section=&#8221;no&#8221; type=&#8221;grid&#8221; angled_section=&#8221;no&#8221; text_align=&#8221;left&#8221; background_image_as_pattern=&#8221;without_pattern&#8221; padding_top=&#8221;71&#8243; padding_bottom=&#8221;70&#8243; background_color=&#8221;#f8f8f8&#8243;][vc_column][vc_column_text] Ofis Depot Grup; [\/vc_column_text][vc_empty_space height=&#8221;20px&#8221;][vc_column_text] G\u00fcncel teknoloji ve trendleri takip eden tasar\u0131mlar\u0131m\u0131z ile alt\u0131n, p\u0131rlanta , g\u00fcm\u00fc\u015f vb. her t\u00fcrl\u00fc tak\u0131 ve m\u00fccevherat \u00fcretimlerinin ihracat\u0131n\u0131 be\u015f ( 5 ) k\u0131taya yapmaktay\u0131z. [\/vc_column_text][vc_separator type=&#8221;small&#8221; position=&#8221;center&#8221;&#8230;<\/p>\n","protected":false},"author":1,"featured_media":0,"parent":0,"menu_order":0,"comment_status":"open","ping_status":"closed","template":"full_width.php","meta":[],"_links":{"self":[{"href":"https:\/\/ofisdepot.com\/tr\/wp-json\/wp\/v2\/pages\/14881"}],"collection":[{"href":"https:\/\/ofisdepot.com\/tr\/wp-json\/wp\/v2\/pages"}],"about":[{"href":"https:\/\/ofisdepot.com\/tr\/wp-json\/wp\/v2\/types\/page"}],"author":[{"embeddable":true,"href":"https:\/\/ofisdepot.com\/tr\/wp-json\/wp\/v2\/users\/1"}],"replies":[{"embeddable":true,"href":"https:\/\/ofisdepot.com\/tr\/wp-json\/wp\/v2\/comments?post=14881"}],"version-history":[{"count":32,"href":"https:\/\/ofisdepot.com\/tr\/wp-json\/wp\/v2\/pages\/14881\/revisions"}],"predecessor-version":[{"id":15634,"href":"https:\/\/ofisdepot.com\/tr\/wp-json\/wp\/v2\/pages\/14881\/revisions\/15634"}],"wp:attachment":[{"href":"https:\/\/ofisdepot.com\/tr\/wp-json\/wp\/v2\/media?parent=14881"}],"curies":[{"name":"wp","href":"https:\/\/api.w.org\/{rel}","templated":true}]}}